{"id":14797,"date":"2015-11-18T08:34:00","date_gmt":"2015-11-18T08:34:00","guid":{"rendered":"https:\/\/elearning.growth-project.eu\/ueber-uns\/"},"modified":"2025-05-29T08:39:19","modified_gmt":"2025-05-29T08:39:19","slug":"ueber-uns","status":"publish","type":"page","link":"https:\/\/elearning.growth-project.eu\/de\/ueber-uns\/","title":{"rendered":"\u00dcber uns"},"content":{"rendered":"\t\t<div data-elementor-type=\"wp-post\" data-elementor-id=\"14797\" class=\"elementor elementor-14797 elementor-2901\">\n\t\t\t\t<div class=\"elementor-element elementor-element-58c7ebc e-flex e-con-boxed e-con e-parent\" data-id=\"58c7ebc\" data-element_type=\"container\" data-settings=\"{&quot;content_width&quot;:&quot;boxed&quot;}\" data-core-v316-plus=\"true\">\n\t\t\t\t\t<div class=\"e-con-inner\">\n\t\t\t\t<div class=\"elementor-element elementor-element-103e774 thim-ekits-heading-text-center elementor-widget thim-ekits-heading elementor-widget-thim-heading\" data-id=\"103e774\" data-element_type=\"widget\" data-widget_type=\"thim-heading.default\">\n\t\t\t\t<div class=\"elementor-widget-container\">\n\t\t\t<div class=\"sc_heading text-center\"><h1 class=\"title\">\u00dcber <span class=\"thim-color\">GROWTH<\/span><\/h1><div class=\"sub-heading\"><p>GROWTH ist ein bahnbrechendes Erasmus+-Projekt, das die europ\u00e4ische Jugend durch positive unternehmerische Initiativen st\u00e4rken und f\u00f6rdern soll. GROWTH nutzt die transformative Kraft von Ausbildungslehrpl\u00e4nen und innovativen E-Learning-Methoden, um jungen Menschen, auch aus wirtschaftlich benachteiligten Verh\u00e4ltnissen, die notwendigen Werkzeuge und F\u00e4higkeiten f\u00fcr erfolgreiches Unternehmertum zu vermitteln. <\/p>\n<p>Bei diesem Projekt geht es nicht nur um betriebswirtschaftliche Ausbildung; es verfolgt einen ganzheitlichen Ansatz zur F\u00f6rderung des Selbstverst\u00e4ndnisses, der positiven Emotionen, der Resilienz und des Erfolgs europ\u00e4ischer Jugendlicher. GROWTH m\u00f6chte einen Weg zum Unternehmertum ebnen, der zug\u00e4nglich, nachhaltig und durch Mentoring und gesellschaftliche Unterst\u00fctzung bereichert wird. Durch die Integration modernster Schulungen und spielerischer Lerntools soll der Weg ins Unternehmertum so spannend und effektiv wie m\u00f6glich gestaltet werden.  <\/p>\n<\/div><span class=\"line\"><\/span><\/div>\t\t<\/div>\n\t\t\t\t<\/div>\n\t\t\t\t\t<\/div>\n\t\t\t\t<\/div>\n\t\t<div class=\"elementor-element elementor-element-90a7619 e-flex e-con-boxed e-con e-parent\" data-id=\"90a7619\" data-element_type=\"container\" data-settings=\"{&quot;content_width&quot;:&quot;boxed&quot;}\" data-core-v316-plus=\"true\">\n\t\t\t\t\t<div class=\"e-con-inner\">\n\t\t\t\t<div class=\"elementor-element elementor-element-8dad5bf elementor-widget elementor-widget-heading\" data-id=\"8dad5bf\" data-element_type=\"widget\" data-widget_type=\"heading.default\">\n\t\t\t\t<div class=\"elementor-widget-container\">\n\t\t\t<style>\/*! elementor - v3.19.0 - 07-02-2024 *\/\n.elementor-heading-title{padding:0;margin:0;line-height:1}.elementor-widget-heading .elementor-heading-title[class*=elementor-size-]>a{color:inherit;font-size:inherit;line-height:inherit}.elementor-widget-heading .elementor-heading-title.elementor-size-small{font-size:15px}.elementor-widget-heading .elementor-heading-title.elementor-size-medium{font-size:19px}.elementor-widget-heading .elementor-heading-title.elementor-size-large{font-size:29px}.elementor-widget-heading .elementor-heading-title.elementor-size-xl{font-size:39px}.elementor-widget-heading .elementor-heading-title.elementor-size-xxl{font-size:59px}<\/style><h4 class=\"elementor-heading-title elementor-size-default\"><a href=\"https:\/\/elearning.growth-project.eu\/wp-content\/uploads\/2024\/10\/GROWTH_Handbook_Final-Version.pptx\" target=\"_blank\">Handbuch herunterladen<\/a><\/h4>\t\t<\/div>\n\t\t\t\t<\/div>\n\t\t\t\t<div class=\"elementor-element elementor-element-54cf70d elementor-widget elementor-widget-heading\" data-id=\"54cf70d\" data-element_type=\"widget\" data-widget_type=\"heading.default\">\n\t\t\t\t<div class=\"elementor-widget-container\">\n\t\t\t<h4 class=\"elementor-heading-title elementor-size-default\"><a href=\"https:\/\/elearning.growth-project.eu\/wp-content\/uploads\/2025\/05\/GROWTH-Toolkit-for-Youth-Workers_GERMAN.pdf\">Toolkit f\u00fcr Jugendarbeiter<\/a><\/h4>\t\t<\/div>\n\t\t\t\t<\/div>\n\t\t\t\t\t<\/div>\n\t\t\t\t<\/div>\n\t\t\t\t<section class=\"elementor-section elementor-top-section elementor-element elementor-element-872013e elementor-section-stretched about-counter elementor-section-boxed elementor-section-height-default elementor-section-height-default\" data-id=\"872013e\" data-element_type=\"section\" data-settings=\"{&quot;stretch_section&quot;:&quot;section-stretched&quot;}\">\n\t\t\t\t\t\t<div class=\"elementor-container elementor-column-gap-default\">\n\t\t\t\t\t<div class=\"elementor-column elementor-col-33 elementor-top-column elementor-element elementor-element-2b6ec5b\" data-id=\"2b6ec5b\" data-element_type=\"column\">\n\t\t\t<div class=\"elementor-widget-wrap elementor-element-populated\">\n\t\t\t\t\t\t<div class=\"elementor-element elementor-element-720afbb elementor-widget thim-counters-box\" data-id=\"720afbb\" data-element_type=\"widget\" data-widget_type=\"thim-counters-box.default\">\n\t\t\t\t<div class=\"elementor-widget-container\">\n\t\t\t<div class=\"counter-box home-page counter-icon-inherit\"><div class=\"icon-counter-box\"><i aria-hidden=\"true\" class=\"tk tk-geography\"><\/i><\/div><div class=\"content-box-percentage\"><div class=\"wrap-percentage\">\n\t\t\t\t\t<div class=\"display-percentage\" data-percentage=\"49\">49<\/div><\/div><div class=\"counter-content-container\"><div class=\"counter-box-content\">Fragen zum Spiel<\/div><\/div><\/div><\/div>\t\t<\/div>\n\t\t\t\t<\/div>\n\t\t\t\t\t<\/div>\n\t\t<\/div>\n\t\t\t\t<div class=\"elementor-column elementor-col-33 elementor-top-column elementor-element elementor-element-6f1c93e\" data-id=\"6f1c93e\" data-element_type=\"column\">\n\t\t\t<div class=\"elementor-widget-wrap elementor-element-populated\">\n\t\t\t\t\t\t<div class=\"elementor-element elementor-element-2e9c04e elementor-widget thim-counters-box\" data-id=\"2e9c04e\" data-element_type=\"widget\" data-widget_type=\"thim-counters-box.default\">\n\t\t\t\t<div class=\"elementor-widget-container\">\n\t\t\t<div class=\"counter-box home-page counter-icon-inherit\"><div class=\"icon-counter-box\"><i aria-hidden=\"true\" class=\"tk tk-studying\"><\/i><\/div><div class=\"content-box-percentage\"><div class=\"wrap-percentage\">\n\t\t\t\t\t<div class=\"display-percentage\" data-percentage=\"109\">109<\/div><\/div><div class=\"counter-content-container\"><div class=\"counter-box-content\">Eingeschriebene Studenten<\/div><\/div><\/div><\/div>\t\t<\/div>\n\t\t\t\t<\/div>\n\t\t\t\t\t<\/div>\n\t\t<\/div>\n\t\t\t\t<div class=\"elementor-column elementor-col-33 elementor-top-column elementor-element elementor-element-7e310a7\" data-id=\"7e310a7\" data-element_type=\"column\">\n\t\t\t<div class=\"elementor-widget-wrap elementor-element-populated\">\n\t\t\t\t\t\t<div class=\"elementor-element elementor-element-4a21343 elementor-widget thim-counters-box\" data-id=\"4a21343\" data-element_type=\"widget\" data-widget_type=\"thim-counters-box.default\">\n\t\t\t\t<div class=\"elementor-widget-container\">\n\t\t\t<div class=\"counter-box home-page counter-icon-inherit\"><div class=\"icon-counter-box\"><i aria-hidden=\"true\" class=\"tk tk-mortarboard\"><\/i><\/div><div class=\"content-box-percentage\"><div class=\"wrap-percentage\">\n\t\t\t\t\t<div class=\"display-percentage\" data-percentage=\"42\">42<\/div><\/div><div class=\"counter-content-container\"><div class=\"counter-box-content\">Total Kurse<\/div><\/div><\/div><\/div>\t\t<\/div>\n\t\t\t\t<\/div>\n\t\t\t\t\t<\/div>\n\t\t<\/div>\n\t\t\t\t\t<\/div>\n\t\t<\/section>\n\t\t\t\t<section class=\"elementor-section elementor-top-section elementor-element elementor-element-ab70d98 elementor-section-stretched elementor-section-boxed elementor-section-height-default elementor-section-height-default\" data-id=\"ab70d98\" data-element_type=\"section\" data-settings=\"{&quot;stretch_section&quot;:&quot;section-stretched&quot;}\">\n\t\t\t\t\t\t\t<div class=\"elementor-background-overlay\"><\/div>\n\t\t\t\t\t\t\t<div class=\"elementor-container elementor-column-gap-default\">\n\t\t\t\t\t<div class=\"elementor-column elementor-col-100 elementor-top-column elementor-element elementor-element-ba6aeb6\" data-id=\"ba6aeb6\" data-element_type=\"column\">\n\t\t\t<div class=\"elementor-widget-wrap elementor-element-populated\">\n\t\t\t\t\t\t<div class=\"elementor-element elementor-element-4b0d10b thim-ekits-heading-text-center elementor-widget thim-ekits-heading elementor-widget-thim-heading\" data-id=\"4b0d10b\" data-element_type=\"widget\" data-widget_type=\"thim-heading.default\">\n\t\t\t\t<div class=\"elementor-widget-container\">\n\t\t\t<div class=\"sc_heading text-center\"><h1 class=\"title\">Unsere Partner<\/h1><\/div>\t\t<\/div>\n\t\t\t\t<\/div>\n\t\t\t\t<div class=\"elementor-element elementor-element-88ae4cc thim-ekit-team-default elementor-widget elementor-widget-thim-ekits-team\" data-id=\"88ae4cc\" data-element_type=\"widget\" data-settings=\"{&quot;row_gap&quot;:{&quot;unit&quot;:&quot;px&quot;,&quot;size&quot;:35,&quot;sizes&quot;:[]},&quot;row_gap_tablet&quot;:{&quot;unit&quot;:&quot;px&quot;,&quot;size&quot;:&quot;&quot;,&quot;sizes&quot;:[]},&quot;row_gap_mobile&quot;:{&quot;unit&quot;:&quot;px&quot;,&quot;size&quot;:&quot;&quot;,&quot;sizes&quot;:[]}}\" data-widget_type=\"thim-ekits-team.default\">\n\t\t\t\t<div class=\"elementor-widget-container\">\n\t\t\t\n\t\t<div class=\"thim-ekit-team\">\n\t\t\t<div class=\"thim-ekit-team__inner\">\n\t\t\t\t\t\t\t\t\t\t<div class=\"thim-ekit-team__article post-14797 page type-page status-publish hentry\">\n\t\t\t\t\t\t\t\t\t<div class=\"thim-ekit-team__thumbnail\">\n\t\t\t\t\t\t<div class=\"thim-ekit-team__image\">\n\t\t\t\t<img decoding=\"async\" src=\"https:\/\/elearning.growth-project.eu\/wp-content\/uploads\/2024\/03\/logo-prometeus-NUOVO-JPEG-450x150.webp\" title=\"logo-prometeus-NUOVO-JPEG\" alt=\"logo-prometeus-NUOVO-JPEG\" loading=\"lazy\" \/>\t\t\t<\/div>\n\t\t\t\t\t\t<div class=\"thim-ekit-team__list-social\"><\/div>\t\t<\/div>\n\t\t\t\t<div class=\"thim-ekit-team__content\">\n\t\t<div class=\"thim-ekit-team__member-name\">Pro.M.E.T.EU.S.<\/div>\t\t\t<div class=\"thim-ekit-team__member-description\">\n\t\t\t\tPro.M.E.T.EU.S. f\u00f6rdert \u00f6kologische Nachhaltigkeit, demokratische Teilhabe sowie k\u00fcnstlerisches und unternehmerisches Talent und setzt sich gleichzeitig f\u00fcr Gleichberechtigung, Menschenrechte und Demokratie ein. F\u00f6rdert au\u00dferdem kulturelles Verst\u00e4ndnis und Integration durch Jugendaustausch, Mentoring und Initiativen. Der Schwerpunkt liegt auf Bildungsqualit\u00e4t und Innovation in...\t\t\t<\/div>\n\t\t\t\t\t<\/div>\n\t\t\t\t\t\t\t\t<\/div>\n\t\t\t\t\t\t\t\t\t\t\t\t<div class=\"thim-ekit-team__article post-14797 page type-page status-publish hentry\">\n\t\t\t\t\t\t\t\t\t<div class=\"thim-ekit-team__thumbnail\">\n\t\t\t\t\t\t<div class=\"thim-ekit-team__image\">\n\t\t\t\t<img decoding=\"async\" src=\"https:\/\/elearning.growth-project.eu\/wp-content\/uploads\/2024\/03\/bb-parallagi-gia-menu-.webp\" title=\"bb-parallagi-gia-menu-\" alt=\"bb-parallagi-gia-menu-\" loading=\"lazy\" \/>\t\t\t<\/div>\n\t\t\t\t\t\t<div class=\"thim-ekit-team__list-social\"><\/div>\t\t<\/div>\n\t\t\t\t<div class=\"thim-ekit-team__content\">\n\t\t<div class=\"thim-ekit-team__member-name\">Balkan Bridge<\/div>\t\t\t<div class=\"thim-ekit-team__member-description\">\n\t\t\t\tBalkan Bridge bietet Beratung, Kompetenzentwicklung und Schulungen zur St\u00e4rkung der unternehmerischen Selbstbestimmung an, um ein nachhaltiges \u00d6kosystem zu schaffen. Dar\u00fcber hinaus f\u00f6rdert es soziale Inklusion, Bildungsexzellenz sowie innovative Schulungen und IT-Tools. Es vermittelt europ\u00e4ische Werte und regionale Zusammenarbeit bei Einzelpersonen,...\t\t\t<\/div>\n\t\t\t\t\t<\/div>\n\t\t\t\t\t\t\t\t<\/div>\n\t\t\t\t\t\t\t\t\t\t\t\t<div class=\"thim-ekit-team__article post-14797 page type-page status-publish hentry\">\n\t\t\t\t\t\t\t\t\t<div class=\"thim-ekit-team__thumbnail\">\n\t\t\t\t\t\t<div class=\"thim-ekit-team__image\">\n\t\t\t\t<img decoding=\"async\" src=\"https:\/\/elearning.growth-project.eu\/wp-content\/uploads\/2024\/03\/cropped-logo-innovation-bee-final-4-450x150.webp\" title=\"cropped-logo-innovation-bee-final-4\" alt=\"cropped-logo-innovation-bee-final-4\" loading=\"lazy\" \/>\t\t\t<\/div>\n\t\t\t\t\t\t<div class=\"thim-ekit-team__list-social\"><\/div>\t\t<\/div>\n\t\t\t\t<div class=\"thim-ekit-team__content\">\n\t\t<div class=\"thim-ekit-team__member-name\">Innovation Bee<\/div>\t\t\t<div class=\"thim-ekit-team__member-description\">\n\t\t\t\tInnovation Bee bietet innovative IT-Forschung und integrierte L\u00f6sungen. Ziel ist die Entwicklung von Web- und mobilen Apps, die Unternehmen im digitalen Zeitalter unterst\u00fctzen. Das Unternehmen ist spezialisiert auf Blockchain-Technologie, k\u00fcnstliche Intelligenz, digitale Transformation und andere innovative L\u00f6sungen.\t\t\t<\/div>\n\t\t\t\t\t<\/div>\n\t\t\t\t\t\t\t\t<\/div>\n\t\t\t\t\t\t\t\t\t\t\t\t<div class=\"thim-ekit-team__article post-14797 page type-page status-publish hentry\">\n\t\t\t\t\t\t\t\t\t<div class=\"thim-ekit-team__thumbnail\">\n\t\t\t\t\t\t<div class=\"thim-ekit-team__image\">\n\t\t\t\t<img decoding=\"async\" src=\"https:\/\/elearning.growth-project.eu\/wp-content\/uploads\/2024\/03\/Connect_Brussels_logo-01-300x157-1-450x150.webp\" title=\"Connect_Brussels_logo-01-300&#215;157-1\" alt=\"Connect_Brussels_logo-01-300x157-1\" loading=\"lazy\" \/>\t\t\t<\/div>\n\t\t\t\t\t\t<div class=\"thim-ekit-team__list-social\"><\/div>\t\t<\/div>\n\t\t\t\t<div class=\"thim-ekit-team__content\">\n\t\t<div class=\"thim-ekit-team__member-name\">Connect Your City - Brussels<\/div>\t\t\t<div class=\"thim-ekit-team__member-description\">\n\t\t\t\tConnect Brussels f\u00f6rdert Demokratie, europ\u00e4ische Identit\u00e4t, Vielfalt, sozialen Pluralismus und Solidarit\u00e4t durch interaktive Veranstaltungen und Workshops, die benachteiligten sozialen Gruppen helfen, Kompetenzen zu entwickeln und die Gleichstellung der Geschlechter und soziale Inklusion zu f\u00f6rdern.\t\t\t<\/div>\n\t\t\t\t\t<\/div>\n\t\t\t\t\t\t\t\t<\/div>\n\t\t\t\t\t\t\t\t\t\t\t\t<div class=\"thim-ekit-team__article post-14797 page type-page status-publish hentry\">\n\t\t\t\t\t\t\t\t\t<div class=\"thim-ekit-team__thumbnail\">\n\t\t\t\t\t\t<div class=\"thim-ekit-team__image\">\n\t\t\t\t<img decoding=\"async\" src=\"https:\/\/elearning.growth-project.eu\/wp-content\/uploads\/2024\/03\/Eurospeak-HD-Logo-No-back-1-450x150.webp\" title=\"Eurospeak-HD-Logo-No-back-1\" alt=\"Eurospeak-HD-Logo-No-back-1\" loading=\"lazy\" \/>\t\t\t<\/div>\n\t\t\t\t\t\t<div class=\"thim-ekit-team__list-social\"><\/div>\t\t<\/div>\n\t\t\t\t<div class=\"thim-ekit-team__content\">\n\t\t<div class=\"thim-ekit-team__member-name\">Eurospeak Limited<\/div>\t\t\t<div class=\"thim-ekit-team__member-description\">\n\t\t\t\tEurospeak unterst\u00fctzt benachteiligte Gruppen durch inklusive Erasmus+-Projekte. Ein vielf\u00e4ltiges Expertenteam erstellt hochwertige Bildungsmaterialien und stellt EU-F\u00f6rdermittel sowie mehrsprachige \u00dcbersetzungen bereit.\t\t\t<\/div>\n\t\t\t\t\t<\/div>\n\t\t\t\t\t\t\t\t<\/div>\n\t\t\t\t\t\t\t\t\t\t\t\t<div class=\"thim-ekit-team__article post-14797 page type-page status-publish hentry\">\n\t\t\t\t\t\t\t\t\t<div class=\"thim-ekit-team__thumbnail\">\n\t\t\t\t\t\t<div class=\"thim-ekit-team__image\">\n\t\t\t\t<img decoding=\"async\" src=\"https:\/\/elearning.growth-project.eu\/wp-content\/uploads\/2024\/03\/Innovation-hiveLogo-color-1-150x150-1-450x150.webp\" title=\"Innovation-hiveLogo-color-1-150&#215;150\" alt=\"Innovation-hiveLogo-color-1-150x150\" loading=\"lazy\" \/>\t\t\t<\/div>\n\t\t\t\t\t\t<div class=\"thim-ekit-team__list-social\"><\/div>\t\t<\/div>\n\t\t\t\t<div class=\"thim-ekit-team__content\">\n\t\t<div class=\"thim-ekit-team__member-name\">Innovation Hive<\/div>\t\t\t<div class=\"thim-ekit-team__member-description\">\n\t\t\t\tInnovation Hive f\u00f6rdert offene Innovation in allen Bereichen. Ihr Hauptziel ist die Entwicklung neuer Methoden und die Einbindung junger Menschen, um die Kluft zwischen Gesellschaft und Jugend zu \u00fcberbr\u00fccken. Sie bieten Jugendtraining, Beratung und Politikforschung an.\t\t\t<\/div>\n\t\t\t\t\t<\/div>\n\t\t\t\t\t\t\t\t<\/div>\n\t\t\t\t\t\t\t\t\t\t\t\t<div class=\"thim-ekit-team__article post-14797 page type-page status-publish hentry\">\n\t\t\t\t\t\t\t\t\t<div class=\"thim-ekit-team__thumbnail\">\n\t\t\t\t\t\t<div class=\"thim-ekit-team__image\">\n\t\t\t\t<img decoding=\"async\" src=\"https:\/\/elearning.growth-project.eu\/wp-content\/uploads\/2024\/03\/ESICA-logo.webp\" title=\"ESICA-logo\" alt=\"ESICA-logo\" loading=\"lazy\" \/>\t\t\t<\/div>\n\t\t\t\t\t\t<div class=\"thim-ekit-team__list-social\"><\/div>\t\t<\/div>\n\t\t\t\t<div class=\"thim-ekit-team__content\">\n\t\t<div class=\"thim-ekit-team__member-name\">Education and Social Innovation Centre of Austria<\/div>\t\t\t<div class=\"thim-ekit-team__member-description\">\n\t\t\t\tESICA f\u00f6rdert soziale Innovation, Inklusion und Gleichberechtigung. ESICA betreibt soziale, kulturelle, p\u00e4dagogische und \u00f6kologische Forschung und Projektentwicklung. Sie f\u00f6rdert informelle soziale Innovation und unternehmerische Bildung f\u00fcr benachteiligte Gruppen.\t\t\t<\/div>\n\t\t\t\t\t<\/div>\n\t\t\t\t\t\t\t\t<\/div>\n\t\t\t\t\t\t\t\t\t<\/div>\n\t\t<\/div>\n\n\t\t\t\t<\/div>\n\t\t\t\t<\/div>\n\t\t\t\t\t<\/div>\n\t\t<\/div>\n\t\t\t\t\t<\/div>\n\t\t<\/section>\n\t\t\t\t<\/div>\n\t\t","protected":false},"excerpt":{"rendered":"<p>\u00dcber GROWTH GROWTH ist ein bahnbrechendes Erasmus+-Projekt, das die europ\u00e4ische Jugend durch positive unternehmerische Initiativen st\u00e4rken und f\u00f6rdern soll. GROWTH nutzt die transformative Kraft von Ausbildungslehrpl\u00e4nen und innovativen E-Learning-Methoden, um jungen Menschen, auch aus wirtschaftlich benachteiligten Verh\u00e4ltnissen, die notwendigen Werkzeuge &hellip; <\/p>\n","protected":false},"author":1,"featured_media":0,"parent":0,"menu_order":0,"comment_status":"closed","ping_status":"closed","template":"","meta":{"footnotes":""},"_links":{"self":[{"href":"https:\/\/elearning.growth-project.eu\/de\/wp-json\/wp\/v2\/pages\/14797"}],"collection":[{"href":"https:\/\/elearning.growth-project.eu\/de\/wp-json\/wp\/v2\/pages"}],"about":[{"href":"https:\/\/elearning.growth-project.eu\/de\/wp-json\/wp\/v2\/types\/page"}],"author":[{"embeddable":true,"href":"https:\/\/elearning.growth-project.eu\/de\/wp-json\/wp\/v2\/users\/1"}],"replies":[{"embeddable":true,"href":"https:\/\/elearning.growth-project.eu\/de\/wp-json\/wp\/v2\/comments?post=14797"}],"version-history":[{"count":10,"href":"https:\/\/elearning.growth-project.eu\/de\/wp-json\/wp\/v2\/pages\/14797\/revisions"}],"predecessor-version":[{"id":15140,"href":"https:\/\/elearning.growth-project.eu\/de\/wp-json\/wp\/v2\/pages\/14797\/revisions\/15140"}],"wp:attachment":[{"href":"https:\/\/elearning.growth-project.eu\/de\/wp-json\/wp\/v2\/media?parent=14797"}],"curies":[{"name":"wp","href":"https:\/\/api.w.org\/{rel}","templated":true}]}}