{"id":14788,"date":"2015-11-18T08:34:00","date_gmt":"2015-11-18T08:34:00","guid":{"rendered":"https:\/\/elearning.growth-project.eu\/chi-siamo\/"},"modified":"2025-05-29T08:45:13","modified_gmt":"2025-05-29T08:45:13","slug":"chi-siamo","status":"publish","type":"page","link":"https:\/\/elearning.growth-project.eu\/it\/chi-siamo\/","title":{"rendered":"Chi siamo"},"content":{"rendered":"\t\t<div data-elementor-type=\"wp-post\" data-elementor-id=\"14788\" class=\"elementor elementor-14788 elementor-2901\">\n\t\t\t\t<div class=\"elementor-element elementor-element-58c7ebc e-flex e-con-boxed e-con e-parent\" data-id=\"58c7ebc\" data-element_type=\"container\" data-settings=\"{&quot;content_width&quot;:&quot;boxed&quot;}\" data-core-v316-plus=\"true\">\n\t\t\t\t\t<div class=\"e-con-inner\">\n\t\t\t\t<div class=\"elementor-element elementor-element-103e774 thim-ekits-heading-text-center elementor-widget thim-ekits-heading elementor-widget-thim-heading\" data-id=\"103e774\" data-element_type=\"widget\" data-widget_type=\"thim-heading.default\">\n\t\t\t\t<div class=\"elementor-widget-container\">\n\t\t\t<div class=\"sc_heading text-center\"><h1 class=\"title\">Informazioni su <span class=\"thim-color\">GROWTH<\/span><\/h1><div class=\"sub-heading\"><p>GROWTH \u00e8 un progetto pionieristico di Erasmus+ pensato per rinvigorire e potenziare i giovani europei attraverso iniziative imprenditoriali positive. GROWTH sfrutta il potere trasformativo dei programmi di formazione e delle metodologie innovative di e-learning per dotare i giovani, compresi quelli provenienti da contesti economicamente svantaggiati, degli strumenti e delle competenze essenziali per un'imprenditoria di successo.<\/p>\n<p>Questo progetto non riguarda solo l'educazione al business, ma \u00e8 un approccio olistico per coltivare l'autostima, le emozioni positive, la resilienza e il benessere dei giovani europei. GROWTH si propone di illuminare un percorso verso l'imprenditorialit\u00e0 che sia accessibile, sostenibile e arricchito da mentorship e supporto della comunit\u00e0. Integrando corsi di formazione all'avanguardia e strumenti di apprendimento basati sul gioco, il progetto cerca di rendere il viaggio nell'imprenditoria il pi\u00f9 coinvolgente ed efficace possibile.<\/p>\n<\/div><span class=\"line\"><\/span><\/div>\t\t<\/div>\n\t\t\t\t<\/div>\n\t\t\t\t\t<\/div>\n\t\t\t\t<\/div>\n\t\t<div class=\"elementor-element elementor-element-90a7619 e-flex e-con-boxed e-con e-parent\" data-id=\"90a7619\" data-element_type=\"container\" data-settings=\"{&quot;content_width&quot;:&quot;boxed&quot;}\" data-core-v316-plus=\"true\">\n\t\t\t\t\t<div class=\"e-con-inner\">\n\t\t\t\t<div class=\"elementor-element elementor-element-8dad5bf elementor-widget elementor-widget-heading\" data-id=\"8dad5bf\" data-element_type=\"widget\" data-widget_type=\"heading.default\">\n\t\t\t\t<div class=\"elementor-widget-container\">\n\t\t\t<style>\/*! elementor - v3.19.0 - 07-02-2024 *\/\n.elementor-heading-title{padding:0;margin:0;line-height:1}.elementor-widget-heading .elementor-heading-title[class*=elementor-size-]>a{color:inherit;font-size:inherit;line-height:inherit}.elementor-widget-heading .elementor-heading-title.elementor-size-small{font-size:15px}.elementor-widget-heading .elementor-heading-title.elementor-size-medium{font-size:19px}.elementor-widget-heading .elementor-heading-title.elementor-size-large{font-size:29px}.elementor-widget-heading .elementor-heading-title.elementor-size-xl{font-size:39px}.elementor-widget-heading .elementor-heading-title.elementor-size-xxl{font-size:59px}<\/style><h4 class=\"elementor-heading-title elementor-size-default\"><a href=\"https:\/\/elearning.growth-project.eu\/wp-content\/uploads\/2024\/10\/GROWTH_Handbook_Final-Version.pptx\" target=\"_blank\">Scarica il Manuale<\/a><\/h4>\t\t<\/div>\n\t\t\t\t<\/div>\n\t\t\t\t<div class=\"elementor-element elementor-element-54cf70d elementor-widget elementor-widget-heading\" data-id=\"54cf70d\" data-element_type=\"widget\" data-widget_type=\"heading.default\">\n\t\t\t\t<div class=\"elementor-widget-container\">\n\t\t\t<h4 class=\"elementor-heading-title elementor-size-default\"><a href=\"https:\/\/elearning.growth-project.eu\/wp-content\/uploads\/2025\/05\/GROWTH-Toolkit-for-Youth-Workers-Italian.pdf\">Strumenti per operatori giovanili<\/a><\/h4>\t\t<\/div>\n\t\t\t\t<\/div>\n\t\t\t\t\t<\/div>\n\t\t\t\t<\/div>\n\t\t\t\t<section class=\"elementor-section elementor-top-section elementor-element elementor-element-872013e elementor-section-stretched about-counter elementor-section-boxed elementor-section-height-default elementor-section-height-default\" data-id=\"872013e\" data-element_type=\"section\" data-settings=\"{&quot;stretch_section&quot;:&quot;section-stretched&quot;}\">\n\t\t\t\t\t\t<div class=\"elementor-container elementor-column-gap-default\">\n\t\t\t\t\t<div class=\"elementor-column elementor-col-33 elementor-top-column elementor-element elementor-element-2b6ec5b\" data-id=\"2b6ec5b\" data-element_type=\"column\">\n\t\t\t<div class=\"elementor-widget-wrap elementor-element-populated\">\n\t\t\t\t\t\t<div class=\"elementor-element elementor-element-720afbb elementor-widget thim-counters-box\" data-id=\"720afbb\" data-element_type=\"widget\" data-widget_type=\"thim-counters-box.default\">\n\t\t\t\t<div class=\"elementor-widget-container\">\n\t\t\t<div class=\"counter-box home-page counter-icon-inherit\"><div class=\"icon-counter-box\"><i aria-hidden=\"true\" class=\"tk tk-geography\"><\/i><\/div><div class=\"content-box-percentage\"><div class=\"wrap-percentage\">\n\t\t\t\t\t<div class=\"display-percentage\" data-percentage=\"49\">49<\/div><\/div><div class=\"counter-content-container\"><div class=\"counter-box-content\">Domande sul gioco<\/div><\/div><\/div><\/div>\t\t<\/div>\n\t\t\t\t<\/div>\n\t\t\t\t\t<\/div>\n\t\t<\/div>\n\t\t\t\t<div class=\"elementor-column elementor-col-33 elementor-top-column elementor-element elementor-element-6f1c93e\" data-id=\"6f1c93e\" data-element_type=\"column\">\n\t\t\t<div class=\"elementor-widget-wrap elementor-element-populated\">\n\t\t\t\t\t\t<div class=\"elementor-element elementor-element-2e9c04e elementor-widget thim-counters-box\" data-id=\"2e9c04e\" data-element_type=\"widget\" data-widget_type=\"thim-counters-box.default\">\n\t\t\t\t<div class=\"elementor-widget-container\">\n\t\t\t<div class=\"counter-box home-page counter-icon-inherit\"><div class=\"icon-counter-box\"><i aria-hidden=\"true\" class=\"tk tk-studying\"><\/i><\/div><div class=\"content-box-percentage\"><div class=\"wrap-percentage\">\n\t\t\t\t\t<div class=\"display-percentage\" data-percentage=\"109\">109<\/div><\/div><div class=\"counter-content-container\"><div class=\"counter-box-content\">Studenti iscritti<\/div><\/div><\/div><\/div>\t\t<\/div>\n\t\t\t\t<\/div>\n\t\t\t\t\t<\/div>\n\t\t<\/div>\n\t\t\t\t<div class=\"elementor-column elementor-col-33 elementor-top-column elementor-element elementor-element-7e310a7\" data-id=\"7e310a7\" data-element_type=\"column\">\n\t\t\t<div class=\"elementor-widget-wrap elementor-element-populated\">\n\t\t\t\t\t\t<div class=\"elementor-element elementor-element-4a21343 elementor-widget thim-counters-box\" data-id=\"4a21343\" data-element_type=\"widget\" data-widget_type=\"thim-counters-box.default\">\n\t\t\t\t<div class=\"elementor-widget-container\">\n\t\t\t<div class=\"counter-box home-page counter-icon-inherit\"><div class=\"icon-counter-box\"><i aria-hidden=\"true\" class=\"tk tk-mortarboard\"><\/i><\/div><div class=\"content-box-percentage\"><div class=\"wrap-percentage\">\n\t\t\t\t\t<div class=\"display-percentage\" data-percentage=\"42\">42<\/div><\/div><div class=\"counter-content-container\"><div class=\"counter-box-content\">Totale corsi<\/div><\/div><\/div><\/div>\t\t<\/div>\n\t\t\t\t<\/div>\n\t\t\t\t\t<\/div>\n\t\t<\/div>\n\t\t\t\t\t<\/div>\n\t\t<\/section>\n\t\t\t\t<section class=\"elementor-section elementor-top-section elementor-element elementor-element-ab70d98 elementor-section-stretched elementor-section-boxed elementor-section-height-default elementor-section-height-default\" data-id=\"ab70d98\" data-element_type=\"section\" data-settings=\"{&quot;stretch_section&quot;:&quot;section-stretched&quot;}\">\n\t\t\t\t\t\t\t<div class=\"elementor-background-overlay\"><\/div>\n\t\t\t\t\t\t\t<div class=\"elementor-container elementor-column-gap-default\">\n\t\t\t\t\t<div class=\"elementor-column elementor-col-100 elementor-top-column elementor-element elementor-element-ba6aeb6\" data-id=\"ba6aeb6\" data-element_type=\"column\">\n\t\t\t<div class=\"elementor-widget-wrap elementor-element-populated\">\n\t\t\t\t\t\t<div class=\"elementor-element elementor-element-4b0d10b thim-ekits-heading-text-center elementor-widget thim-ekits-heading elementor-widget-thim-heading\" data-id=\"4b0d10b\" data-element_type=\"widget\" data-widget_type=\"thim-heading.default\">\n\t\t\t\t<div class=\"elementor-widget-container\">\n\t\t\t<div class=\"sc_heading text-center\"><h1 class=\"title\">I nostri partner<\/h1><\/div>\t\t<\/div>\n\t\t\t\t<\/div>\n\t\t\t\t<div class=\"elementor-element elementor-element-88ae4cc thim-ekit-team-default elementor-widget elementor-widget-thim-ekits-team\" data-id=\"88ae4cc\" data-element_type=\"widget\" data-settings=\"{&quot;row_gap&quot;:{&quot;unit&quot;:&quot;px&quot;,&quot;size&quot;:35,&quot;sizes&quot;:[]},&quot;row_gap_tablet&quot;:{&quot;unit&quot;:&quot;px&quot;,&quot;size&quot;:&quot;&quot;,&quot;sizes&quot;:[]},&quot;row_gap_mobile&quot;:{&quot;unit&quot;:&quot;px&quot;,&quot;size&quot;:&quot;&quot;,&quot;sizes&quot;:[]}}\" data-widget_type=\"thim-ekits-team.default\">\n\t\t\t\t<div class=\"elementor-widget-container\">\n\t\t\t\n\t\t<div class=\"thim-ekit-team\">\n\t\t\t<div class=\"thim-ekit-team__inner\">\n\t\t\t\t\t\t\t\t\t\t<div class=\"thim-ekit-team__article post-14788 page type-page status-publish hentry\">\n\t\t\t\t\t\t\t\t\t<div class=\"thim-ekit-team__thumbnail\">\n\t\t\t\t\t\t<div class=\"thim-ekit-team__image\">\n\t\t\t\t<img decoding=\"async\" src=\"https:\/\/elearning.growth-project.eu\/wp-content\/uploads\/2024\/03\/logo-prometeus-NUOVO-JPEG-450x150.webp\" title=\"logo-prometeus-NUOVO-JPEG\" alt=\"logo-prometeus-NUOVO-JPEG\" loading=\"lazy\" \/>\t\t\t<\/div>\n\t\t\t\t\t\t<div class=\"thim-ekit-team__list-social\"><\/div>\t\t<\/div>\n\t\t\t\t<div class=\"thim-ekit-team__content\">\n\t\t<div class=\"thim-ekit-team__member-name\">Pro.M.E.T.EU.S.<\/div>\t\t\t<div class=\"thim-ekit-team__member-description\">\n\t\t\t\tPro.M.E.T.EU.S. promuove la sostenibilit\u00e0 ambientale, la partecipazione democratica e il talento artistico e imprenditoriale, sostenendo al contempo l'uguaglianza, i diritti umani e la democrazia. Promuove inoltre la comprensione e l'integrazione culturale attraverso scambi giovanili, mentoring e altre iniziative. Si concentra...\t\t\t<\/div>\n\t\t\t\t\t<\/div>\n\t\t\t\t\t\t\t\t<\/div>\n\t\t\t\t\t\t\t\t\t\t\t\t<div class=\"thim-ekit-team__article post-14788 page type-page status-publish hentry\">\n\t\t\t\t\t\t\t\t\t<div class=\"thim-ekit-team__thumbnail\">\n\t\t\t\t\t\t<div class=\"thim-ekit-team__image\">\n\t\t\t\t<img decoding=\"async\" src=\"https:\/\/elearning.growth-project.eu\/wp-content\/uploads\/2024\/03\/bb-parallagi-gia-menu-.webp\" title=\"bb-parallagi-gia-menu-\" alt=\"bb-parallagi-gia-menu-\" loading=\"lazy\" \/>\t\t\t<\/div>\n\t\t\t\t\t\t<div class=\"thim-ekit-team__list-social\"><\/div>\t\t<\/div>\n\t\t\t\t<div class=\"thim-ekit-team__content\">\n\t\t<div class=\"thim-ekit-team__member-name\">Balkan Bridge<\/div>\t\t\t<div class=\"thim-ekit-team__member-description\">\n\t\t\t\tBalkan Bridge offre consulenza, sviluppo delle competenze e formazione per l'empowerment aziendale per creare un ecosistema sostenibile. Promuove inoltre l'inclusione sociale, l'eccellenza educativa e strumenti di formazione e IT innovativi. Promuove i valori europei e la cooperazione regionale a privati,...\t\t\t<\/div>\n\t\t\t\t\t<\/div>\n\t\t\t\t\t\t\t\t<\/div>\n\t\t\t\t\t\t\t\t\t\t\t\t<div class=\"thim-ekit-team__article post-14788 page type-page status-publish hentry\">\n\t\t\t\t\t\t\t\t\t<div class=\"thim-ekit-team__thumbnail\">\n\t\t\t\t\t\t<div class=\"thim-ekit-team__image\">\n\t\t\t\t<img decoding=\"async\" src=\"https:\/\/elearning.growth-project.eu\/wp-content\/uploads\/2024\/03\/cropped-logo-innovation-bee-final-4-450x150.webp\" title=\"cropped-logo-innovation-bee-final-4\" alt=\"cropped-logo-innovation-bee-final-4\" loading=\"lazy\" \/>\t\t\t<\/div>\n\t\t\t\t\t\t<div class=\"thim-ekit-team__list-social\"><\/div>\t\t<\/div>\n\t\t\t\t<div class=\"thim-ekit-team__content\">\n\t\t<div class=\"thim-ekit-team__member-name\">Innovation Bee<\/div>\t\t\t<div class=\"thim-ekit-team__member-description\">\n\t\t\t\tInnovation Bee fornisce ricerca IT all'avanguardia e soluzioni integrate. Il suo obiettivo \u00e8 progettare app web e mobile per aiutare le aziende a orientarsi nell'era digitale. \u00c8 specializzata in tecnologia blockchain, intelligenza artificiale, trasformazione digitale e altre soluzioni innovative.\t\t\t<\/div>\n\t\t\t\t\t<\/div>\n\t\t\t\t\t\t\t\t<\/div>\n\t\t\t\t\t\t\t\t\t\t\t\t<div class=\"thim-ekit-team__article post-14788 page type-page status-publish hentry\">\n\t\t\t\t\t\t\t\t\t<div class=\"thim-ekit-team__thumbnail\">\n\t\t\t\t\t\t<div class=\"thim-ekit-team__image\">\n\t\t\t\t<img decoding=\"async\" src=\"https:\/\/elearning.growth-project.eu\/wp-content\/uploads\/2024\/03\/Connect_Brussels_logo-01-300x157-1-450x150.webp\" title=\"Connect_Brussels_logo-01-300&#215;157-1\" alt=\"Connect_Brussels_logo-01-300x157-1\" loading=\"lazy\" \/>\t\t\t<\/div>\n\t\t\t\t\t\t<div class=\"thim-ekit-team__list-social\"><\/div>\t\t<\/div>\n\t\t\t\t<div class=\"thim-ekit-team__content\">\n\t\t<div class=\"thim-ekit-team__member-name\">Connect Your City - Brussels<\/div>\t\t\t<div class=\"thim-ekit-team__member-description\">\n\t\t\t\tConnect Brussels promuove la democrazia, l'identit\u00e0 europea, la diversit\u00e0, il pluralismo sociale e la solidariet\u00e0 attraverso eventi e workshop interattivi che aiutano i gruppi sociali vulnerabili a sviluppare competenze e a promuovere la parit\u00e0 di genere e l'inclusione sociale.\t\t\t<\/div>\n\t\t\t\t\t<\/div>\n\t\t\t\t\t\t\t\t<\/div>\n\t\t\t\t\t\t\t\t\t\t\t\t<div class=\"thim-ekit-team__article post-14788 page type-page status-publish hentry\">\n\t\t\t\t\t\t\t\t\t<div class=\"thim-ekit-team__thumbnail\">\n\t\t\t\t\t\t<div class=\"thim-ekit-team__image\">\n\t\t\t\t<img decoding=\"async\" src=\"https:\/\/elearning.growth-project.eu\/wp-content\/uploads\/2024\/03\/Eurospeak-HD-Logo-No-back-1-450x150.webp\" title=\"Eurospeak-HD-Logo-No-back-1\" alt=\"Eurospeak-HD-Logo-No-back-1\" loading=\"lazy\" \/>\t\t\t<\/div>\n\t\t\t\t\t\t<div class=\"thim-ekit-team__list-social\"><\/div>\t\t<\/div>\n\t\t\t\t<div class=\"thim-ekit-team__content\">\n\t\t<div class=\"thim-ekit-team__member-name\">Eurospeak Limited<\/div>\t\t\t<div class=\"thim-ekit-team__member-description\">\n\t\t\t\tEurospeak supporta i gruppi svantaggiati attraverso progetti inclusivi Erasmus+. Si avvale di un team eterogeneo di esperti per creare materiali didattici di qualit\u00e0 e fornire finanziamenti UE e traduzioni multilingue.\t\t\t<\/div>\n\t\t\t\t\t<\/div>\n\t\t\t\t\t\t\t\t<\/div>\n\t\t\t\t\t\t\t\t\t\t\t\t<div class=\"thim-ekit-team__article post-14788 page type-page status-publish hentry\">\n\t\t\t\t\t\t\t\t\t<div class=\"thim-ekit-team__thumbnail\">\n\t\t\t\t\t\t<div class=\"thim-ekit-team__image\">\n\t\t\t\t<img decoding=\"async\" src=\"https:\/\/elearning.growth-project.eu\/wp-content\/uploads\/2024\/03\/Innovation-hiveLogo-color-1-150x150-1-450x150.webp\" title=\"Innovation-hiveLogo-color-1-150&#215;150\" alt=\"Innovation-hiveLogo-color-1-150x150\" loading=\"lazy\" \/>\t\t\t<\/div>\n\t\t\t\t\t\t<div class=\"thim-ekit-team__list-social\"><\/div>\t\t<\/div>\n\t\t\t\t<div class=\"thim-ekit-team__content\">\n\t\t<div class=\"thim-ekit-team__member-name\">Innovation Hive<\/div>\t\t\t<div class=\"thim-ekit-team__member-description\">\n\t\t\t\tInnovation Hive promuove l'innovazione aperta in tutti i settori. Il loro obiettivo principale \u00e8 sviluppare nuovi metodi e coinvolgere i giovani per colmare il divario tra la societ\u00e0 e i giovani stessi. Offrono formazione, consulenza e ricerca politica ai giovani.\t\t\t<\/div>\n\t\t\t\t\t<\/div>\n\t\t\t\t\t\t\t\t<\/div>\n\t\t\t\t\t\t\t\t\t\t\t\t<div class=\"thim-ekit-team__article post-14788 page type-page status-publish hentry\">\n\t\t\t\t\t\t\t\t\t<div class=\"thim-ekit-team__thumbnail\">\n\t\t\t\t\t\t<div class=\"thim-ekit-team__image\">\n\t\t\t\t<img decoding=\"async\" src=\"https:\/\/elearning.growth-project.eu\/wp-content\/uploads\/2024\/03\/ESICA-logo.webp\" title=\"ESICA-logo\" alt=\"ESICA-logo\" loading=\"lazy\" \/>\t\t\t<\/div>\n\t\t\t\t\t\t<div class=\"thim-ekit-team__list-social\"><\/div>\t\t<\/div>\n\t\t\t\t<div class=\"thim-ekit-team__content\">\n\t\t<div class=\"thim-ekit-team__member-name\">Education and Social Innovation Centre of Austria<\/div>\t\t\t<div class=\"thim-ekit-team__member-description\">\n\t\t\t\tESICA promuove l'innovazione sociale, l'inclusione e l'uguaglianza. Conduce ricerche e sviluppa progetti in ambito sociale, culturale, educativo e ambientale. Promuovono l'innovazione sociale non formale e la formazione all'imprenditorialit\u00e0 per i gruppi svantaggiati.\t\t\t<\/div>\n\t\t\t\t\t<\/div>\n\t\t\t\t\t\t\t\t<\/div>\n\t\t\t\t\t\t\t\t\t<\/div>\n\t\t<\/div>\n\n\t\t\t\t<\/div>\n\t\t\t\t<\/div>\n\t\t\t\t\t<\/div>\n\t\t<\/div>\n\t\t\t\t\t<\/div>\n\t\t<\/section>\n\t\t\t\t<\/div>\n\t\t","protected":false},"excerpt":{"rendered":"<p>Informazioni su GROWTH GROWTH \u00e8 un progetto pionieristico di Erasmus+ pensato per rinvigorire e potenziare i giovani europei attraverso iniziative imprenditoriali positive. GROWTH sfrutta il potere trasformativo dei programmi di formazione e delle metodologie innovative di e-learning per dotare i &hellip; <\/p>\n","protected":false},"author":1,"featured_media":0,"parent":0,"menu_order":0,"comment_status":"closed","ping_status":"closed","template":"","meta":{"footnotes":""},"_links":{"self":[{"href":"https:\/\/elearning.growth-project.eu\/it\/wp-json\/wp\/v2\/pages\/14788"}],"collection":[{"href":"https:\/\/elearning.growth-project.eu\/it\/wp-json\/wp\/v2\/pages"}],"about":[{"href":"https:\/\/elearning.growth-project.eu\/it\/wp-json\/wp\/v2\/types\/page"}],"author":[{"embeddable":true,"href":"https:\/\/elearning.growth-project.eu\/it\/wp-json\/wp\/v2\/users\/1"}],"replies":[{"embeddable":true,"href":"https:\/\/elearning.growth-project.eu\/it\/wp-json\/wp\/v2\/comments?post=14788"}],"version-history":[{"count":13,"href":"https:\/\/elearning.growth-project.eu\/it\/wp-json\/wp\/v2\/pages\/14788\/revisions"}],"predecessor-version":[{"id":15144,"href":"https:\/\/elearning.growth-project.eu\/it\/wp-json\/wp\/v2\/pages\/14788\/revisions\/15144"}],"wp:attachment":[{"href":"https:\/\/elearning.growth-project.eu\/it\/wp-json\/wp\/v2\/media?parent=14788"}],"curies":[{"name":"wp","href":"https:\/\/api.w.org\/{rel}","templated":true}]}}